{"id":1395,"date":"2025-01-16T09:07:21","date_gmt":"2025-01-16T12:07:21","guid":{"rendered":"https:\/\/carnavalenfotos.com\/WP\/?page_id=1395"},"modified":"2025-01-18T10:31:30","modified_gmt":"2025-01-18T13:31:30","slug":"carnaval-2021","status":"publish","type":"page","link":"https:\/\/carnavalenfotos.com\/WP\/carnaval-2021\/","title":{"rendered":"Carnaval 2021"},"content":{"rendered":"\n<p>A pesar de voluntades y esfuerzos por parte de los carnavaleros para llevar adelante el carnaval 2021, la emergencia sanitaria oblig\u00f3 a suspender todas las actividades de esa edici\u00f3n de la fiesta de Momo.<br>Los ensayos se hab\u00edan llevado adelante con mucho cuidado, estableciendo los protocolos necesarios y se buscaron alternativas para los eventos y los espect\u00e1culos, pero finalmente no pudo llevarse a cabo.<\/p>\n\n\n\n<p><strong><mark style=\"background-color:rgba(0, 0, 0, 0)\" class=\"has-inline-color has-vivid-red-color\">C<\/mark>arnaval en Fotos<\/strong> quiso estar presente de todas formas, compartiendo im\u00e1genes carnavaleras. Recuerdos que representaran los momentos de estar juntos en torno al carnaval: escenas tras el tel\u00f3n del teatro de verano, las fotos previas, entrevistas, las bajadas, los tablados, los ensayos, etc.<\/p>\n\n\n\n<style id=\"bwg-style-0\">    #bwg_container1_0 #bwg_container2_0 .bwg-container-0.bwg-album-thumbnails {    width: 1754px;    justify-content: center;            justify-content: center;        margin:0 auto !important;          background-color: rgba(255, 255, 255, 1.00);          padding-left: 4px;      padding-top: 4px;      max-width: 100%;          }        #bwg_container1_0 #bwg_container2_0 .bwg-container-0.bwg-album-thumbnails .bwg-item {    justify-content: flex-start;    max-width: 350px;        }    #bwg_container1_0 #bwg_container2_0 .bwg-container-0.bwg-album-thumbnails .bwg-item a {      margin-right: 4px;      margin-bottom: 4px;    }    #bwg_container1_0 #bwg_container2_0 .bwg-container-0.bwg-album-thumbnails .bwg-item0 {      padding: 4px;            background-color:rgba(232,232,232, 0.30);      border: 1px none #000000;      opacity: 1.00;      border-radius: 0;      box-shadow: ;    }    #bwg_container1_0 #bwg_container2_0 .bwg-container-0.bwg-album-thumbnails .bwg-item1 img {      max-height: none;      max-width: none;      padding: 0 !important;    }          @media only screen and (min-width: 480px) {      #bwg_container1_0 #bwg_container2_0 .bwg-container-0.bwg-album-thumbnails .bwg-item0 {      transition: all 0.3s ease 0s;-webkit-transition: all 0.3s ease 0s;      }      #bwg_container1_0 #bwg_container2_0 .bwg-container-0.bwg-album-thumbnails .bwg-item0:hover {        -ms-transform: rotate(2deg);        -webkit-transform: rotate(2deg);        transform: rotate(2deg);      }      }          #bwg_container1_0 #bwg_container2_0 .bwg-container-0.bwg-album-thumbnails .bwg-item1 {      padding-top: 56%;    }        #bwg_container1_0 #bwg_container2_0 .bwg-container-0.bwg-album-thumbnails .bwg-title2 {      color: #CCCCCC;      font-family: segoe ui;      font-size: 16px;      font-weight: bold;      padding: 5px;      text-shadow: ;      max-height: 100%;    }        #bwg_container1_0 #bwg_container2_0 .bwg-container-0.bwg-standard-thumbnails {      width: 1754px;              justify-content: center;        margin:0 auto !important;              background-color: rgba(255, 255, 255, 1.00);            padding-left: 4px;      padding-top: 4px;      max-width: 100%;            }        #bwg_container1_0 #bwg_container2_0 .bwg-container-0.bwg-standard-thumbnails .bwg-item {    justify-content: flex-start;      max-width: 350px;          }    #bwg_container1_0 #bwg_container2_0 .bwg-container-0.bwg-standard-thumbnails .bwg-item a {       margin-right: 4px;       margin-bottom: 4px;    }    #bwg_container1_0 #bwg_container2_0 .bwg-container-0.bwg-standard-thumbnails .bwg-item0 {      padding: 4px;            background-color:rgba(232,232,232, 0.30);      border: 1px none #000000;      opacity: 1.00;      border-radius: 0;      box-shadow: ;    }    #bwg_container1_0 #bwg_container2_0 .bwg-container-0.bwg-standard-thumbnails .bwg-item1 img {      max-height: none;      max-width: none;      padding: 0 !important;    }        @media only screen and (min-width: 480px) {      #bwg_container1_0 #bwg_container2_0 .bwg-container-0.bwg-standard-thumbnails .bwg-item0 {        transition: all 0.3s ease 0s;-webkit-transition: all 0.3s ease 0s;      }      #bwg_container1_0 #bwg_container2_0 .bwg-container-0.bwg-standard-thumbnails .bwg-item0:hover {        -ms-transform: rotate(2deg);        -webkit-transform: rotate(2deg);        transform: rotate(2deg);      }    }          #bwg_container1_0 #bwg_container2_0 .bwg-container-0.bwg-standard-thumbnails .bwg-item1 {      padding-top: 56%;    }        #bwg_container1_0 #bwg_container2_0 .bwg-container-0.bwg-standard-thumbnails .bwg-title2,    #bwg_container1_0 #bwg_container2_0 .bwg-container-0.bwg-standard-thumbnails .bwg-ecommerce2 {      color: #CCCCCC;      font-family: segoe ui;      font-size: 16px;      font-weight: bold;      padding: 5px;      text-shadow: ;      max-height: 100%;    }    #bwg_container1_0 #bwg_container2_0 .bwg-container-0.bwg-standard-thumbnails .bwg-thumb-description span {    color: #323A45;    font-family: Ubuntu;    font-size: 12px;    max-height: 100%;    word-wrap: break-word;    }    #bwg_container1_0 #bwg_container2_0 .bwg-container-0.bwg-standard-thumbnails .bwg-play-icon2 {      font-size: 32px;    }    #bwg_container1_0 #bwg_container2_0 .bwg-container-0.bwg-standard-thumbnails .bwg-ecommerce2 {      font-size: 19.2px;      color: #CCCCCC;    }    <\/style>    <div id=\"bwg_container1_0\"         class=\"bwg_container bwg_thumbnail bwg_album_compact_preview bwg_thumbnail\"         data-right-click-protection=\"1\"         data-bwg=\"0\"         data-scroll=\"0\"         data-gallery-type=\"album_compact_preview\"         data-gallery-view-type=\"thumbnail\"         data-current-url=\"\/WP\/wp-json\/wp\/v2\/pages\/1395\"         data-lightbox-url=\"https:\/\/carnavalenfotos.com\/WP\/wp-admin\/admin-ajax.php?action=GalleryBox&#038;current_view=0&#038;gallery_id=0&#038;tag=0&#038;theme_id=2&#038;shortcode_id=201&#038;sort_by=filename&#038;order_by=asc&#038;current_url=%2FWP%2Fwp-json%2Fwp%2Fv2%2Fpages%2F1395\"         data-gallery-id=\"0\"         data-popup-width=\"800\"         data-popup-height=\"500\"         data-is-album=\"album\"         data-buttons-position=\"bottom\">      <div id=\"bwg_container2_0\">             <div id=\"ajax_loading_0\" class=\"bwg_loading_div_1\">      <div class=\"bwg_loading_div_2\">        <div class=\"bwg_loading_div_3\">          <div id=\"loading_div_0\" class=\"bwg_spider_ajax_loading\">          <\/div>        <\/div>      <\/div>    <\/div>            <form id=\"gal_front_form_0\"              class=\"bwg-hidden\"              method=\"post\"              action=\"#\"              data-current=\"0\"              data-shortcode-id=\"201\"              data-gallery-type=\"album_compact_preview\"              data-gallery-id=\"0\"              data-tag=\"0\"              data-album-id=\"8\"              data-theme-id=\"2\"              data-ajax-url=\"https:\/\/carnavalenfotos.com\/WP\/wp-admin\/admin-ajax.php?action=bwg_frontend_data\">          <div id=\"bwg_container3_0\" class=\"bwg-background bwg-background-0\">            <style>        #bwg_container1_0 #bwg_container2_0 .bwg_gal_title_0 {          display: block;          padding: 0 2px 2px 2px;          background-color: rgba(0, 0, 0, 0);          line-height: 20px;          font-family: Ubuntu;          font-size: 18px;          font-weight: bold;          color: #323A45;          text-shadow: 0px 0px 0px #888888;          text-align: center;        }        #bwg_container1_0 #bwg_container2_0 .bwg_gal_description_0 {          margin: 20px 0;          word-break: break-word;          text-align: justify;          font-size: 15px;          font-weight: unset;        }        <\/style>        <div class=\"bwg_gal_title_0\">Carnaval 2021<\/div>            <div data-max-count=\"5\"         data-thumbnail-width=\"350\"         data-bwg=\"0\"         id=\"bwg_album_compact_0\"         class=\"bwg-thumbnails bwg-container bwg-container-0 bwg-album-thumbnails bwg_album_thumbnails_0\">              <div class=\"bwg-item\">          <a class=\"bwg-a bwg-album bwg_album_0\"             href='\/WP\/wp-json\/wp\/v2\/pages\/1395?type_0=gallery&#038;album_gallery_id_0=179'                          data-container_id=\"bwg_album_compact_0\"             data-def_type=\"gallery\"             data-album_gallery_id=\"8\"             data-alb_gal_id=\"179\"             data-title=\"Bater\u00edas de Murgas\"             data-bwg=\"0\">                        <div class=\"bwg-item0 \">              <div class=\"bwg-item1 \">                <div class=\"bwg-item2\">                  <img decoding=\"async\" class=\"skip-lazy \"                       data-width=\"500.00\"                       data-height=\"333.00\"                       data-src=\"https:\/\/carnavalenfotos.com\/WP\/wp-content\/uploads\/photo-gallery\/Carnaval_2021\/2021_Baterias_de_Murgas\/thumb\/TDSC_0609.jpg?bwg=1737160757\"                       src=\"https:\/\/carnavalenfotos.com\/WP\/wp-content\/uploads\/photo-gallery\/Carnaval_2021\/2021_Baterias_de_Murgas\/thumb\/TDSC_0609.jpg?bwg=1737160757\"                       alt=\"Bater\u00edas de Murgas\"                       title=\"Bater\u00edas de Murgas\" \/>                <\/div>                <div class=\"\">                                  <\/div>              <\/div>            <\/div>            <div class=\"bwg-title1\"><div class=\"bwg-title2\">Bater\u00edas de Murgas<\/div><\/div>          <\/a>        <\/div>                <div class=\"bwg-item\">          <a class=\"bwg-a bwg-album bwg_album_0\"             href='\/WP\/wp-json\/wp\/v2\/pages\/1395?type_0=gallery&#038;album_gallery_id_0=175'                          data-container_id=\"bwg_album_compact_0\"             data-def_type=\"gallery\"             data-album_gallery_id=\"8\"             data-alb_gal_id=\"175\"             data-title=\"Familias en el Escenario\"             data-bwg=\"0\">                        <div class=\"bwg-item0 \">              <div class=\"bwg-item1 \">                <div class=\"bwg-item2\">                  <img decoding=\"async\" class=\"skip-lazy \"                       data-width=\"500.00\"                       data-height=\"333.00\"                       data-src=\"https:\/\/carnavalenfotos.com\/WP\/wp-content\/uploads\/photo-gallery\/Carnaval_2021\/2021_Familias\/thumb\/TRONAR-2016.jpg?bwg=1737029548\"                       src=\"https:\/\/carnavalenfotos.com\/WP\/wp-content\/uploads\/photo-gallery\/Carnaval_2021\/2021_Familias\/thumb\/TRONAR-2016.jpg?bwg=1737029548\"                       alt=\"Familias en el Escenario\"                       title=\"Familias en el Escenario\" \/>                <\/div>                <div class=\"\">                                  <\/div>              <\/div>            <\/div>            <div class=\"bwg-title1\"><div class=\"bwg-title2\">Familias en el Escenario<\/div><\/div>          <\/a>        <\/div>                <div class=\"bwg-item\">          <a class=\"bwg-a bwg-album bwg_album_0\"             href='\/WP\/wp-json\/wp\/v2\/pages\/1395?type_0=gallery&#038;album_gallery_id_0=180'                          data-container_id=\"bwg_album_compact_0\"             data-def_type=\"gallery\"             data-album_gallery_id=\"8\"             data-alb_gal_id=\"180\"             data-title=\"Intervalos\"             data-bwg=\"0\">                        <div class=\"bwg-item0 \">              <div class=\"bwg-item1 \">                <div class=\"bwg-item2\">                  <img decoding=\"async\" class=\"skip-lazy \"                       data-width=\"500.00\"                       data-height=\"333.00\"                       data-src=\"https:\/\/carnavalenfotos.com\/WP\/wp-content\/uploads\/photo-gallery\/Carnaval_2021\/2021_Intervalos\/thumb\/DSC_0140.jpg?bwg=1737160838\"                       src=\"https:\/\/carnavalenfotos.com\/WP\/wp-content\/uploads\/photo-gallery\/Carnaval_2021\/2021_Intervalos\/thumb\/DSC_0140.jpg?bwg=1737160838\"                       alt=\"Intervalos\"                       title=\"Intervalos\" \/>                <\/div>                <div class=\"\">                                  <\/div>              <\/div>            <\/div>            <div class=\"bwg-title1\"><div class=\"bwg-title2\">Intervalos<\/div><\/div>          <\/a>        <\/div>                <div class=\"bwg-item\">          <a class=\"bwg-a bwg-album bwg_album_0\"             href='\/WP\/wp-json\/wp\/v2\/pages\/1395?type_0=gallery&#038;album_gallery_id_0=174'                          data-container_id=\"bwg_album_compact_0\"             data-def_type=\"gallery\"             data-album_gallery_id=\"8\"             data-alb_gal_id=\"174\"             data-title=\"La Prensa en Carnaval\"             data-bwg=\"0\">                        <div class=\"bwg-item0 \">              <div class=\"bwg-item1 \">                <div class=\"bwg-item2\">                  <img decoding=\"async\" class=\"skip-lazy \"                       data-width=\"500.00\"                       data-height=\"333.00\"                       data-src=\"https:\/\/carnavalenfotos.com\/WP\/wp-content\/uploads\/photo-gallery\/Carnaval_2021\/2021_La_Prensa\/thumb\/DSC_20309.jpg?bwg=1737029381\"                       src=\"https:\/\/carnavalenfotos.com\/WP\/wp-content\/uploads\/photo-gallery\/Carnaval_2021\/2021_La_Prensa\/thumb\/DSC_20309.jpg?bwg=1737029381\"                       alt=\"La Prensa en Carnaval\"                       title=\"La Prensa en Carnaval\" \/>                <\/div>                <div class=\"\">                                  <\/div>              <\/div>            <\/div>            <div class=\"bwg-title1\"><div class=\"bwg-title2\">La Prensa en Carnaval<\/div><\/div>          <\/a>        <\/div>                <div class=\"bwg-item\">          <a class=\"bwg-a bwg-album bwg_album_0\"             href='\/WP\/wp-json\/wp\/v2\/pages\/1395?type_0=gallery&#038;album_gallery_id_0=177'                          data-container_id=\"bwg_album_compact_0\"             data-def_type=\"gallery\"             data-album_gallery_id=\"8\"             data-alb_gal_id=\"177\"             data-title=\"Las Bajadas\"             data-bwg=\"0\">                        <div class=\"bwg-item0 \">              <div class=\"bwg-item1 \">                <div class=\"bwg-item2\">                  <img decoding=\"async\" class=\"skip-lazy \"                       data-width=\"500.00\"                       data-height=\"336.00\"                       data-src=\"https:\/\/carnavalenfotos.com\/WP\/wp-content\/uploads\/photo-gallery\/Carnaval_2021\/2021_Bajadas\/thumb\/VIRGILIOS-2012.jpg?bwg=1737030099\"                       src=\"https:\/\/carnavalenfotos.com\/WP\/wp-content\/uploads\/photo-gallery\/Carnaval_2021\/2021_Bajadas\/thumb\/VIRGILIOS-2012.jpg?bwg=1737030099\"                       alt=\"Las Bajadas\"                       title=\"Las Bajadas\" \/>                <\/div>                <div class=\"\">                                  <\/div>              <\/div>            <\/div>            <div class=\"bwg-title1\"><div class=\"bwg-title2\">Las Bajadas<\/div><\/div>          <\/a>        <\/div>                <div class=\"bwg-item\">          <a class=\"bwg-a bwg-album bwg_album_0\"             href='\/WP\/wp-json\/wp\/v2\/pages\/1395?type_0=gallery&#038;album_gallery_id_0=176'                          data-container_id=\"bwg_album_compact_0\"             data-def_type=\"gallery\"             data-album_gallery_id=\"8\"             data-alb_gal_id=\"176\"             data-title=\"Planteles\"             data-bwg=\"0\">                        <div class=\"bwg-item0 \">              <div class=\"bwg-item1 \">                <div class=\"bwg-item2\">                  <img decoding=\"async\" class=\"skip-lazy \"                       data-width=\"500.00\"                       data-height=\"334.00\"                       data-src=\"https:\/\/carnavalenfotos.com\/WP\/wp-content\/uploads\/photo-gallery\/Carnaval_2021\/2021_Planteles\/thumb\/CERO-BOLA-2012.jpg?bwg=1737029742\"                       src=\"https:\/\/carnavalenfotos.com\/WP\/wp-content\/uploads\/photo-gallery\/Carnaval_2021\/2021_Planteles\/thumb\/CERO-BOLA-2012.jpg?bwg=1737029742\"                       alt=\"Planteles\"                       title=\"Planteles\" \/>                <\/div>                <div class=\"\">                                  <\/div>              <\/div>            <\/div>            <div class=\"bwg-title1\"><div class=\"bwg-title2\">Planteles<\/div><\/div>          <\/a>        <\/div>                <div class=\"bwg-item\">          <a class=\"bwg-a bwg-album bwg_album_0\"             href='\/WP\/wp-json\/wp\/v2\/pages\/1395?type_0=gallery&#038;album_gallery_id_0=181'                          data-container_id=\"bwg_album_compact_0\"             data-def_type=\"gallery\"             data-album_gallery_id=\"8\"             data-alb_gal_id=\"181\"             data-title=\"T\u00e9cnicos - Utileros\"             data-bwg=\"0\">                        <div class=\"bwg-item0 \">              <div class=\"bwg-item1 \">                <div class=\"bwg-item2\">                  <img decoding=\"async\" class=\"skip-lazy \"                       data-width=\"500.00\"                       data-height=\"333.00\"                       data-src=\"https:\/\/carnavalenfotos.com\/WP\/wp-content\/uploads\/photo-gallery\/Carnaval_2021\/2021_Tecnicos_Utileros\/thumb\/TRONAR-2020.jpg?bwg=1737160899\"                       src=\"https:\/\/carnavalenfotos.com\/WP\/wp-content\/uploads\/photo-gallery\/Carnaval_2021\/2021_Tecnicos_Utileros\/thumb\/TRONAR-2020.jpg?bwg=1737160899\"                       alt=\"T\u00e9cnicos - Utileros\"                       title=\"T\u00e9cnicos - Utileros\" \/>                <\/div>                <div class=\"\">                                  <\/div>              <\/div>            <\/div>            <div class=\"bwg-title1\"><div class=\"bwg-title2\">T\u00e9cnicos - Utileros<\/div><\/div>          <\/a>        <\/div>                <div class=\"bwg-item\">          <a class=\"bwg-a bwg-album bwg_album_0\"             href='\/WP\/wp-json\/wp\/v2\/pages\/1395?type_0=gallery&#038;album_gallery_id_0=178'                          data-container_id=\"bwg_album_compact_0\"             data-def_type=\"gallery\"             data-album_gallery_id=\"8\"             data-alb_gal_id=\"178\"             data-title=\"Tras el Tel\u00f3n\"             data-bwg=\"0\">                        <div class=\"bwg-item0 \">              <div class=\"bwg-item1 \">                <div class=\"bwg-item2\">                  <img decoding=\"async\" class=\"skip-lazy \"                       data-width=\"500.00\"                       data-height=\"334.00\"                       data-src=\"https:\/\/carnavalenfotos.com\/WP\/wp-content\/uploads\/photo-gallery\/Carnaval_2021\/2021_Tras_el_Telon\/thumb\/DSC_0472.jpg?bwg=1737138111\"                       src=\"https:\/\/carnavalenfotos.com\/WP\/wp-content\/uploads\/photo-gallery\/Carnaval_2021\/2021_Tras_el_Telon\/thumb\/DSC_0472.jpg?bwg=1737138111\"                       alt=\"Tras el Tel\u00f3n\"                       title=\"Tras el Tel\u00f3n\" \/>                <\/div>                <div class=\"\">                                  <\/div>              <\/div>            <\/div>            <div class=\"bwg-title1\"><div class=\"bwg-title2\">Tras el Tel\u00f3n<\/div><\/div>          <\/a>        <\/div>            <\/div>          <input type=\"hidden\" id=\"bwg_album_breadcrumb_0\" name=\"bwg_album_breadcrumb_0\" value='[{&quot;id&quot;:&quot;8&quot;,&quot;page&quot;:1}]' \/>    <style>      \/*pagination styles*\/      #bwg_container1_0 #bwg_container2_0 .tablenav-pages_0 {\t\t\t\ttext-align: center;\t\t\t\tfont-size: 12px;\t\t\t\tfont-family: segoe ui;\t\t\t\tfont-weight: bold;\t\t\t\tcolor: #666666;\t\t\t\tmargin: 6px 0 4px;\t\t\t\tdisplay: block;      }      @media only screen and (max-width : 320px) {      #bwg_container1_0 #bwg_container2_0 .displaying-num_0 {     \t display: none;      }      }      #bwg_container1_0 #bwg_container2_0 .displaying-num_0 {\t\t\t\tfont-size: 12px;\t\t\t\tfont-family: segoe ui;\t\t\t\tfont-weight: bold;\t\t\t\tcolor: #666666;\t\t\t\tmargin-right: 10px;\t\t\t\tvertical-align: middle;      }      #bwg_container1_0 #bwg_container2_0 .paging-input_0 {\t\t\t\tfont-size: 12px;\t\t\t\tfont-family: segoe ui;\t\t\t\tfont-weight: bold;\t\t\t\tcolor: #666666;\t\t\t\tvertical-align: middle;      }      #bwg_container1_0 #bwg_container2_0 .tablenav-pages_0 a.disabled,      #bwg_container1_0 #bwg_container2_0 .tablenav-pages_0 a.disabled:hover,      #bwg_container1_0 #bwg_container2_0 .tablenav-pages_0 a.disabled:focus,\t\t\t#bwg_container1_0 #bwg_container2_0 .tablenav-pages_0 input.bwg_current_page {\t\t\t\tcursor: default;\t\t\t\tcolor: rgba(102, 102, 102, 0.5);      }      #bwg_container1_0 #bwg_container2_0 .tablenav-pages_0 a,      #bwg_container1_0 #bwg_container2_0 .tablenav-pages_0 input.bwg_current_page {\t\t\t\tcursor: pointer;\t\t\t\ttext-align: center;\t\t\t\tfont-size: 12px;\t\t\t\tfont-family: segoe ui;\t\t\t\tfont-weight: bold;\t\t\t\tcolor: #666666;\t\t\t\ttext-decoration: none;\t\t\t\tpadding: 3px 6px;\t\t\t\tmargin: 0;\t\t\t\tborder-radius: 0;\t\t\t\tborder-style: none;\t\t\t\tborder-width: 1px;\t\t\t\tborder-color: #E3E3E3;\t\t\t\t\t\t\t\tbackground-color: rgba(252, 252, 252, 1.00);\t\t\t\tbox-shadow: 0;\t\t\t\ttransition: all 0.3s ease 0s;-webkit-transition: all 0.3s ease 0s;      }      <\/style>      <span class=\"bwg_nav_cont_0\">                <script>jQuery('.bwg_nav_cont_0').remove()<\/script>                <input type=\"hidden\" id=\"page_number_0\" name=\"page_number_0\" value=\"1\" \/>      <script type=\"text\/javascript\">        if( jQuery('.bwg_nav_cont_0').length > 1 ) {          jQuery('.bwg_nav_cont_0').first().remove()        }        function spider_page_0(cur, x, y, load_more) {          if (typeof load_more == \"undefined\") {            var load_more = false;          }          if (jQuery(cur).hasClass('disabled')) {            return false;          }          var items_county_0 = 1;          switch (y) {            case 1:              if (x >= items_county_0) {                document.getElementById('page_number_0').value = items_county_0;              }              else {                document.getElementById('page_number_0').value = x + 1;              }              break;            case 2:              document.getElementById('page_number_0').value = items_county_0;              break;            case -1:              if (x == 1) {                document.getElementById('page_number_0').value = 1;              }              else {                document.getElementById('page_number_0').value = x - 1;              }              break;            case -2:              document.getElementById('page_number_0').value = 1;              break;\t\t\t\t\t\tcase 0:              document.getElementById('page_number_0').value = x;              break;            default:              document.getElementById('page_number_0').value = 1;          }          bwg_ajax('gal_front_form_0', '0', 'bwg_album_compact_0', '8', '', 'album', 0, '', '', load_more, '', 0);        }                    jQuery('.first-page-0').on('click', function () {              spider_page_0(this, 1, -2, 'numeric');              return false;            });            jQuery('.prev-page-0').on('click', function () {              spider_page_0(this, 1, -1, 'numeric');              return false;            });            jQuery('.next-page-0').on('click', function () {              spider_page_0(this, 1, 1, 'numeric');              return false;            });            jQuery('.last-page-0').on('click', function () {              spider_page_0(this, 1, 2, 'numeric');              return false;            });        \t\t\t\t\/* Change page on input enter. *\/        function bwg_change_page_0( e, that ) {          if (  e.key == 'Enter' ) {            var to_page = parseInt(jQuery(that).val());            var pages_count = jQuery(that).parents(\".pagination-links\").data(\"pages-count\");            var current_url_param = jQuery(that).attr('data-url-info');            if (to_page > pages_count) {              to_page = 1;            }\t \t\t\t\t\t\t\t\t\t\t\t\tspider_page_0(this, to_page, 0, 'numeric');\t\t\t\t\t\t\treturn false;\t\t\t\t\t\t          }          return true;        }        jQuery('.bwg_load_btn_0').on('click', function () {            spider_page_0(this, 1, 1, true);            return false;        });      <\/script>      <\/span>                <\/div>        <\/form>        <style>          #bwg_container1_0 #bwg_container2_0 #spider_popup_overlay_0 {          background-color: #000000;          opacity: 0.70;          }          <\/style>        <div id=\"bwg_spider_popup_loading_0\" class=\"bwg_spider_popup_loading\"><\/div>        <div id=\"spider_popup_overlay_0\" class=\"spider_popup_overlay\" onclick=\"spider_destroypopup(1000)\"><\/div>        <input type=\"hidden\" id=\"bwg_random_seed_0\" value=\"640751196\">                <\/div>    <\/div>    <script>      if (document.readyState === 'complete') {        if( typeof bwg_main_ready == 'function' ) {          if ( jQuery(\"#bwg_container1_0\").height() ) {            bwg_main_ready(jQuery(\"#bwg_container1_0\"));          }        }      } else {        document.addEventListener('DOMContentLoaded', function() {          if( typeof bwg_main_ready == 'function' ) {            if ( jQuery(\"#bwg_container1_0\").height() ) {             bwg_main_ready(jQuery(\"#bwg_container1_0\"));            }          }        });      }    <\/script>    \n","protected":false},"excerpt":{"rendered":"<p>A pesar de voluntades y esfuerzos por parte de los carnavaleros para llevar adelante el carnaval 2021, la emergencia sanitaria oblig\u00f3 a suspender todas las actividades de esa edici\u00f3n de la fiesta de Momo.Los ensayos se hab\u00edan llevado adelante con mucho cuidado, estableciendo los protocolos necesarios y se buscaron alternativas para los eventos y los [&hellip;]<\/p>\n","protected":false},"author":5,"featured_media":0,"parent":0,"menu_order":0,"comment_status":"closed","ping_status":"closed","template":"","meta":{"footnotes":""},"class_list":["post-1395","page","type-page","status-publish","hentry"],"_links":{"self":[{"href":"https:\/\/carnavalenfotos.com\/WP\/wp-json\/wp\/v2\/pages\/1395","targetHints":{"allow":["GET"]}}],"collection":[{"href":"https:\/\/carnavalenfotos.com\/WP\/wp-json\/wp\/v2\/pages"}],"about":[{"href":"https:\/\/carnavalenfotos.com\/WP\/wp-json\/wp\/v2\/types\/page"}],"author":[{"embeddable":true,"href":"https:\/\/carnavalenfotos.com\/WP\/wp-json\/wp\/v2\/users\/5"}],"replies":[{"embeddable":true,"href":"https:\/\/carnavalenfotos.com\/WP\/wp-json\/wp\/v2\/comments?post=1395"}],"version-history":[{"count":1,"href":"https:\/\/carnavalenfotos.com\/WP\/wp-json\/wp\/v2\/pages\/1395\/revisions"}],"predecessor-version":[{"id":1404,"href":"https:\/\/carnavalenfotos.com\/WP\/wp-json\/wp\/v2\/pages\/1395\/revisions\/1404"}],"wp:attachment":[{"href":"https:\/\/carnavalenfotos.com\/WP\/wp-json\/wp\/v2\/media?parent=1395"}],"curies":[{"name":"wp","href":"https:\/\/api.w.org\/{rel}","templated":true}]}}