{"id":1154,"date":"2025-01-10T01:05:49","date_gmt":"2025-01-10T04:05:49","guid":{"rendered":"https:\/\/carnavalenfotos.com\/WP\/?page_id=1154"},"modified":"2026-03-09T22:08:26","modified_gmt":"2026-03-10T01:08:26","slug":"carnavales-pasados","status":"publish","type":"page","link":"http:\/\/carnavalenfotos.com\/WP\/carnavales-pasados\/","title":{"rendered":"Carnavales Pasados"},"content":{"rendered":"\n<div class=\"wp-block-media-text is-stacked-on-mobile\" style=\"grid-template-columns:42% auto\"><figure class=\"wp-block-media-text__media\"><a href=\"https:\/\/carnavalenfotos.com\/WP\/carnaval-2025\/\"><img loading=\"lazy\" decoding=\"async\" width=\"500\" height=\"333\" src=\"https:\/\/carnavalenfotos.com\/WP\/wp-content\/uploads\/2026\/01\/2025.jpg\" alt=\"\" class=\"wp-image-1789 size-full\" srcset=\"http:\/\/carnavalenfotos.com\/WP\/wp-content\/uploads\/2026\/01\/2025.jpg 500w, http:\/\/carnavalenfotos.com\/WP\/wp-content\/uploads\/2026\/01\/2025-300x200.jpg 300w\" sizes=\"auto, (max-width: 500px) 100vw, 500px\" \/><\/a><\/figure><div class=\"wp-block-media-text__content\">\n<p><mark style=\"background-color:rgba(0, 0, 0, 0)\" class=\"has-inline-color has-vivid-red-color\"><a href=\"https:\/\/carnavalenfotos.com\/WP\/carnaval-2025\/\" data-type=\"page\" data-id=\"1791\"><strong>Carnaval 2025<\/strong><\/a><\/mark><br>Primeros Premios:<br>Murga Do\u00f1a Bastarda<br>Parodistas Momosapiens<br>Humoristas Los Rolin<br>Comparsa La Sara del Cord\u00f3n<br>Revista Tab\u00fa<\/p>\n<\/div><\/div>\n\n\n\n<p><\/p>\n\n\n\n<div class=\"wp-block-media-text is-stacked-on-mobile\" style=\"grid-template-columns:42% auto\"><figure class=\"wp-block-media-text__media\"><a href=\"https:\/\/carnavalenfotos.com\/WP\/carnaval-2024\/\"><img loading=\"lazy\" decoding=\"async\" width=\"500\" height=\"333\" src=\"https:\/\/carnavalenfotos.com\/WP\/wp-content\/uploads\/2025\/01\/2024.jpg\" alt=\"\" class=\"wp-image-1155 size-full\" srcset=\"http:\/\/carnavalenfotos.com\/WP\/wp-content\/uploads\/2025\/01\/2024.jpg 500w, http:\/\/carnavalenfotos.com\/WP\/wp-content\/uploads\/2025\/01\/2024-300x200.jpg 300w\" sizes=\"auto, (max-width: 500px) 100vw, 500px\" \/><\/a><\/figure><div class=\"wp-block-media-text__content\">\n<p><a href=\"https:\/\/carnavalenfotos.com\/WP\/carnaval-2024\/\" data-type=\"page\" data-id=\"1081\"><strong><mark style=\"background-color:rgba(0, 0, 0, 0)\" class=\"has-inline-color has-vivid-red-color\">Carnaval 2024<\/mark><\/strong><\/a><br>Primeros Premios:<br>Murga Nos Obligan a Salir<br>Parodistas Z\u00edngaros<br>Humoristas Sociedad An\u00f3nima<br>Comparsa Valores<br>Revista Tab\u00fa<\/p>\n<\/div><\/div>\n\n\n\n<p><\/p>\n\n\n\n<div class=\"wp-block-media-text is-stacked-on-mobile\" style=\"grid-template-columns:42% auto\"><figure class=\"wp-block-media-text__media\"><a href=\"https:\/\/carnavalenfotos.com\/WP\/carnaval-2023\/\"><img loading=\"lazy\" decoding=\"async\" width=\"500\" height=\"333\" src=\"https:\/\/carnavalenfotos.com\/WP\/wp-content\/uploads\/2025\/01\/2023.jpg\" alt=\"\" class=\"wp-image-1198 size-full\" srcset=\"http:\/\/carnavalenfotos.com\/WP\/wp-content\/uploads\/2025\/01\/2023.jpg 500w, http:\/\/carnavalenfotos.com\/WP\/wp-content\/uploads\/2025\/01\/2023-300x200.jpg 300w\" sizes=\"auto, (max-width: 500px) 100vw, 500px\" \/><\/a><\/figure><div class=\"wp-block-media-text__content\">\n<p><mark style=\"background-color:rgba(0, 0, 0, 0)\" class=\"has-inline-color has-vivid-red-color\"><strong><a href=\"https:\/\/carnavalenfotos.com\/WP\/carnaval-2023\/\">Carnaval 2023<\/a><\/strong><\/mark><br>Primeros Premios:<br>Murga Asaltantes con Patente<br>Parodistas Los Muchachos<br>Humoristas Los Chobys<br>Comparsa C1080<br>Revista La Compa\u00f1\u00eda<\/p>\n<\/div><\/div>\n\n\n\n<p><\/p>\n\n\n\n<div class=\"wp-block-media-text is-stacked-on-mobile\" style=\"grid-template-columns:43% auto\"><figure class=\"wp-block-media-text__media\"><a href=\"https:\/\/carnavalenfotos.com\/WP\/carnaval-2022\/\"><img loading=\"lazy\" decoding=\"async\" width=\"500\" height=\"333\" src=\"https:\/\/carnavalenfotos.com\/WP\/wp-content\/uploads\/2025\/01\/2022.jpg\" alt=\"\" class=\"wp-image-1265 size-full\" srcset=\"http:\/\/carnavalenfotos.com\/WP\/wp-content\/uploads\/2025\/01\/2022.jpg 500w, http:\/\/carnavalenfotos.com\/WP\/wp-content\/uploads\/2025\/01\/2022-300x200.jpg 300w\" sizes=\"auto, (max-width: 500px) 100vw, 500px\" \/><\/a><\/figure><div class=\"wp-block-media-text__content\">\n<p><mark style=\"background-color:rgba(0, 0, 0, 0)\" class=\"has-inline-color has-vivid-red-color\"><strong><a href=\"https:\/\/carnavalenfotos.com\/WP\/carnaval-2022\/\">Carnaval 2022<\/a><\/strong><\/mark><br>Primeros Premios:<br>Murga Asaltantes con Patente<br>Parodistas Z\u00edngaros<br>Humoristas Los Chobys<br>Comparsa C1080<br>Revista Tab\u00fa<\/p>\n<\/div><\/div>\n\n\n\n<p><\/p>\n\n\n\n<div class=\"wp-block-media-text is-stacked-on-mobile\" style=\"grid-template-columns:43% auto\"><figure class=\"wp-block-media-text__media\"><a href=\"https:\/\/carnavalenfotos.com\/WP\/carnaval-2021\/\"><img loading=\"lazy\" decoding=\"async\" width=\"500\" height=\"333\" src=\"https:\/\/carnavalenfotos.com\/WP\/wp-content\/uploads\/2025\/01\/2021.jpg\" alt=\"\" class=\"wp-image-1408 size-full\" srcset=\"http:\/\/carnavalenfotos.com\/WP\/wp-content\/uploads\/2025\/01\/2021.jpg 500w, http:\/\/carnavalenfotos.com\/WP\/wp-content\/uploads\/2025\/01\/2021-300x200.jpg 300w\" sizes=\"auto, (max-width: 500px) 100vw, 500px\" \/><\/a><\/figure><div class=\"wp-block-media-text__content\">\n<p><strong><mark style=\"background-color:rgba(0, 0, 0, 0)\" class=\"has-inline-color has-vivid-red-color\"><a href=\"https:\/\/carnavalenfotos.com\/WP\/carnaval-2021\/\" data-type=\"page\" data-id=\"1395\">Carnaval 2021<\/a><\/mark><\/strong><br>A pesar de voluntades y esfuerzos por parte de los carnavaleros para llevar adelante el carnaval 2021, la emergencia sanitaria oblig\u00f3 a suspender todas las actividades de esa edici\u00f3n de la fiesta de Momo.<\/p>\n<\/div><\/div>\n\n\n\n<p><\/p>\n\n\n\n<div class=\"wp-block-media-text is-stacked-on-mobile\" style=\"grid-template-columns:43% auto\"><figure class=\"wp-block-media-text__media\"><a href=\"https:\/\/carnavalenfotos.com\/WP\/carnaval-2020\/\"><img loading=\"lazy\" decoding=\"async\" width=\"500\" height=\"333\" src=\"https:\/\/carnavalenfotos.com\/WP\/wp-content\/uploads\/2025\/01\/2020.jpg\" alt=\"\" class=\"wp-image-1354 size-full\" srcset=\"http:\/\/carnavalenfotos.com\/WP\/wp-content\/uploads\/2025\/01\/2020.jpg 500w, http:\/\/carnavalenfotos.com\/WP\/wp-content\/uploads\/2025\/01\/2020-300x200.jpg 300w\" sizes=\"auto, (max-width: 500px) 100vw, 500px\" \/><\/a><\/figure><div class=\"wp-block-media-text__content\">\n<p><a href=\"https:\/\/carnavalenfotos.com\/WP\/carnaval-2020\/\" data-type=\"page\" data-id=\"1347\"><strong><mark style=\"background-color:rgba(0, 0, 0, 0)\" class=\"has-inline-color has-vivid-red-color\">Carnaval 2020<\/mark><\/strong><\/a><br>Primeros Premios:<br>Murga Agarrate Catalina<br>Parodistas Los Muchachos<br>Humoristas Los Chobys<br>Comparsa Tronar de Tambores<br>Revista Tab\u00fa<\/p>\n<\/div><\/div>\n\n\n\n<p><\/p>\n\n\n\n<div class=\"wp-block-media-text is-stacked-on-mobile\" style=\"grid-template-columns:43% auto\"><figure class=\"wp-block-media-text__media\"><a href=\"https:\/\/carnavalenfotos.com\/WP\/carnaval-2019\/\"><img loading=\"lazy\" decoding=\"async\" width=\"500\" height=\"333\" src=\"https:\/\/carnavalenfotos.com\/WP\/wp-content\/uploads\/2025\/01\/2019.jpg\" alt=\"\" class=\"wp-image-1420 size-full\" srcset=\"http:\/\/carnavalenfotos.com\/WP\/wp-content\/uploads\/2025\/01\/2019.jpg 500w, http:\/\/carnavalenfotos.com\/WP\/wp-content\/uploads\/2025\/01\/2019-300x200.jpg 300w\" sizes=\"auto, (max-width: 500px) 100vw, 500px\" \/><\/a><\/figure><div class=\"wp-block-media-text__content\">\n<p><strong><mark style=\"background-color:rgba(0, 0, 0, 0)\" class=\"has-inline-color has-vivid-red-color\"><a href=\"https:\/\/carnavalenfotos.com\/WP\/carnaval-2019\/\" data-type=\"page\" data-id=\"1417\">Carnaval 2019<\/a><\/mark><\/strong><br>Primeros Premios:<br>Murga La Trasnochada<br>Parodistas Nazarenos<br>Humoristas Cyranos<br>Comparsa Tronar de Tambores<br>Revista Tab\u00fa<\/p>\n<\/div><\/div>\n\n\n\n<p><\/p>\n\n\n\n<div class=\"wp-block-media-text is-stacked-on-mobile\" style=\"grid-template-columns:43% auto\"><figure class=\"wp-block-media-text__media\"><a href=\"https:\/\/carnavalenfotos.com\/WP\/carnaval-2018\/\"><img loading=\"lazy\" decoding=\"async\" width=\"800\" height=\"533\" src=\"https:\/\/carnavalenfotos.com\/WP\/wp-content\/uploads\/2025\/01\/2018.jpg\" alt=\"\" class=\"wp-image-1486 size-full\" srcset=\"http:\/\/carnavalenfotos.com\/WP\/wp-content\/uploads\/2025\/01\/2018.jpg 800w, http:\/\/carnavalenfotos.com\/WP\/wp-content\/uploads\/2025\/01\/2018-300x200.jpg 300w, http:\/\/carnavalenfotos.com\/WP\/wp-content\/uploads\/2025\/01\/2018-768x512.jpg 768w\" sizes=\"auto, (max-width: 800px) 100vw, 800px\" \/><\/a><\/figure><div class=\"wp-block-media-text__content\">\n<p><strong><mark style=\"background-color:rgba(0, 0, 0, 0)\" class=\"has-inline-color has-vivid-red-color\"><a href=\"https:\/\/carnavalenfotos.com\/WP\/carnaval-2018\/\" data-type=\"page\" data-id=\"1483\">Carnaval 2018<\/a><\/mark><\/strong><br>Primeros Premios:<br>Murga Los Saltimbanquis<br>Parodistas Z\u00edngaros<br>Humoristas Cyranos<br>Comparsa Yambo Kenia<br>Revista Tab\u00fa<\/p>\n<\/div><\/div>\n\n\n\n<p><\/p>\n\n\n\n<div class=\"wp-block-media-text is-stacked-on-mobile\" style=\"grid-template-columns:43% auto\"><figure class=\"wp-block-media-text__media\"><a href=\"https:\/\/carnavalenfotos.com\/WP\/carnaval-2017\/\"><img loading=\"lazy\" decoding=\"async\" width=\"800\" height=\"533\" src=\"https:\/\/carnavalenfotos.com\/WP\/wp-content\/uploads\/2025\/01\/2017.jpg\" alt=\"\" class=\"wp-image-1529 size-full\" srcset=\"http:\/\/carnavalenfotos.com\/WP\/wp-content\/uploads\/2025\/01\/2017.jpg 800w, http:\/\/carnavalenfotos.com\/WP\/wp-content\/uploads\/2025\/01\/2017-300x200.jpg 300w, http:\/\/carnavalenfotos.com\/WP\/wp-content\/uploads\/2025\/01\/2017-768x512.jpg 768w\" sizes=\"auto, (max-width: 800px) 100vw, 800px\" \/><\/a><\/figure><div class=\"wp-block-media-text__content\">\n<p><strong><mark style=\"background-color:rgba(0, 0, 0, 0)\" class=\"has-inline-color has-vivid-red-color\"><a href=\"https:\/\/carnavalenfotos.com\/WP\/carnaval-2017\/\" data-type=\"page\" data-id=\"1539\">CARNAVAL 2017<\/a><\/mark><\/strong><br>Primeros premios:<br>Murga Don Timoteo<br>Parodistas Nazarenos<br>Humoristas Cyranos<br>Comparsa Yambo Kenia<br>Revista House<\/p>\n<\/div><\/div>\n\n\n\n<p><\/p>\n\n\n\n<div class=\"wp-block-media-text is-stacked-on-mobile\" style=\"grid-template-columns:44% auto\"><figure class=\"wp-block-media-text__media\"><a href=\"https:\/\/carnavalenfotos.com\/WP\/carnaval-2016\/\"><img loading=\"lazy\" decoding=\"async\" width=\"800\" height=\"533\" src=\"https:\/\/carnavalenfotos.com\/WP\/wp-content\/uploads\/2025\/01\/2016.jpg\" alt=\"\" class=\"wp-image-1530 size-full\" srcset=\"http:\/\/carnavalenfotos.com\/WP\/wp-content\/uploads\/2025\/01\/2016.jpg 800w, http:\/\/carnavalenfotos.com\/WP\/wp-content\/uploads\/2025\/01\/2016-300x200.jpg 300w, http:\/\/carnavalenfotos.com\/WP\/wp-content\/uploads\/2025\/01\/2016-768x512.jpg 768w\" sizes=\"auto, (max-width: 800px) 100vw, 800px\" \/><\/a><\/figure><div class=\"wp-block-media-text__content\">\n<p><strong><mark style=\"background-color:rgba(0, 0, 0, 0)\" class=\"has-inline-color has-vivid-red-color\"><a href=\"https:\/\/carnavalenfotos.com\/WP\/carnaval-2016\/\" data-type=\"page\" data-id=\"1617\">CARNAVAL 2016<\/a><\/mark><\/strong><br>Primeros premios:<br>Murga La Gran Mu\u00f1eca<br>Parodistas Los Muchachos<br>Humoristas Cyranos<br>Comparsa C1080<br>Revista House<\/p>\n<\/div><\/div>\n\n\n\n<p><\/p>\n\n\n\n<div class=\"wp-block-media-text is-stacked-on-mobile\" style=\"grid-template-columns:45% auto\"><figure class=\"wp-block-media-text__media\"><a href=\"https:\/\/carnavalenfotos.com\/WP\/carnaval-2015\/\"><img loading=\"lazy\" decoding=\"async\" width=\"800\" height=\"533\" src=\"https:\/\/carnavalenfotos.com\/WP\/wp-content\/uploads\/2025\/01\/2015.jpg\" alt=\"\" class=\"wp-image-1531 size-full\" srcset=\"http:\/\/carnavalenfotos.com\/WP\/wp-content\/uploads\/2025\/01\/2015.jpg 800w, http:\/\/carnavalenfotos.com\/WP\/wp-content\/uploads\/2025\/01\/2015-300x200.jpg 300w, http:\/\/carnavalenfotos.com\/WP\/wp-content\/uploads\/2025\/01\/2015-768x512.jpg 768w\" sizes=\"auto, (max-width: 800px) 100vw, 800px\" \/><\/a><\/figure><div class=\"wp-block-media-text__content\">\n<p><strong><mark style=\"background-color:rgba(0, 0, 0, 0)\" class=\"has-inline-color has-vivid-red-color\"><a href=\"https:\/\/carnavalenfotos.com\/WP\/carnaval-2015\/\" data-type=\"page\" data-id=\"1744\">CARNAVAL 2015<\/a><\/mark><\/strong><br>Primeros premios:<br>Murga Patos Cabreros<br>Parodistas Z\u00edngaros<br>Humoristas Sociedad An\u00f3nima<br>Comparsa C1080<br>Revista Tab\u00fa.<\/p>\n<\/div><\/div>\n\n\n\n<p><\/p>\n\n\n\n<div class=\"wp-block-media-text is-stacked-on-mobile\" style=\"grid-template-columns:46% auto\"><figure class=\"wp-block-media-text__media\"><a href=\"https:\/\/carnavalenfotos.com\/WP\/carnaval-2014\/\"><img loading=\"lazy\" decoding=\"async\" width=\"800\" height=\"533\" src=\"https:\/\/carnavalenfotos.com\/WP\/wp-content\/uploads\/2025\/01\/2014.jpg\" alt=\"\" class=\"wp-image-1533 size-full\" srcset=\"http:\/\/carnavalenfotos.com\/WP\/wp-content\/uploads\/2025\/01\/2014.jpg 800w, http:\/\/carnavalenfotos.com\/WP\/wp-content\/uploads\/2025\/01\/2014-300x200.jpg 300w, http:\/\/carnavalenfotos.com\/WP\/wp-content\/uploads\/2025\/01\/2014-768x512.jpg 768w\" sizes=\"auto, (max-width: 800px) 100vw, 800px\" \/><\/a><\/figure><div class=\"wp-block-media-text__content\">\n<p><strong><mark style=\"background-color:rgba(0, 0, 0, 0)\" class=\"has-inline-color has-vivid-red-color\"><a href=\"https:\/\/carnavalenfotos.com\/WP\/carnaval-2014\/\" data-type=\"page\" data-id=\"1922\">CARNAVAL 2014<\/a><\/mark><\/strong><br>Primeros premios:<br>Murga Don Timoteo<br>Parodistas Z\u00edngaros<br>Humoristas Sociedad An\u00f3nima<br>Comparsa Yambo Kenia<br>Revista Tab\u00fa<\/p>\n<\/div><\/div>\n\n\n\n<p><\/p>\n\n\n\n<div class=\"wp-block-media-text is-stacked-on-mobile\" style=\"grid-template-columns:46% auto\"><figure class=\"wp-block-media-text__media\"><img loading=\"lazy\" decoding=\"async\" width=\"800\" height=\"533\" src=\"https:\/\/carnavalenfotos.com\/WP\/wp-content\/uploads\/2025\/01\/2013.jpg\" alt=\"\" class=\"wp-image-1534 size-full\" srcset=\"http:\/\/carnavalenfotos.com\/WP\/wp-content\/uploads\/2025\/01\/2013.jpg 800w, http:\/\/carnavalenfotos.com\/WP\/wp-content\/uploads\/2025\/01\/2013-300x200.jpg 300w, http:\/\/carnavalenfotos.com\/WP\/wp-content\/uploads\/2025\/01\/2013-768x512.jpg 768w\" sizes=\"auto, (max-width: 800px) 100vw, 800px\" \/><\/figure><div class=\"wp-block-media-text__content\">\n<p><strong><mark style=\"background-color:rgba(0, 0, 0, 0)\" class=\"has-inline-color has-vivid-red-color\">CARNAVAL 2013<\/mark><\/strong><br>Primeros premios:<br>Murga Asaltantes con Patente<br>Parodistas Nazarenos<br>Humoristas Cyranos<br>Comparsa Sarabanda<br>Revista Madame G\u00f3tica<\/p>\n<\/div><\/div>\n\n\n\n<p><\/p>\n\n\n\n<div class=\"wp-block-media-text is-stacked-on-mobile\" style=\"grid-template-columns:47% auto\"><figure class=\"wp-block-media-text__media\"><img loading=\"lazy\" decoding=\"async\" width=\"800\" height=\"533\" src=\"https:\/\/carnavalenfotos.com\/WP\/wp-content\/uploads\/2025\/01\/2012.jpg\" alt=\"\" class=\"wp-image-1535 size-full\" srcset=\"http:\/\/carnavalenfotos.com\/WP\/wp-content\/uploads\/2025\/01\/2012.jpg 800w, http:\/\/carnavalenfotos.com\/WP\/wp-content\/uploads\/2025\/01\/2012-300x200.jpg 300w, http:\/\/carnavalenfotos.com\/WP\/wp-content\/uploads\/2025\/01\/2012-768x512.jpg 768w\" sizes=\"auto, (max-width: 800px) 100vw, 800px\" \/><\/figure><div class=\"wp-block-media-text__content\">\n<p><strong><mark style=\"background-color:rgba(0, 0, 0, 0)\" class=\"has-inline-color has-vivid-red-color\">CARNAVAL 2012<\/mark><\/strong><br>Primeros premios:<br>Murga La Trasnochada<br>Parodistas Momosapiens<br>Humoristas Sociedad An\u00f3nima<br>Comparsa Yambo Kenia<br>Revista Madame G\u00f3tica<\/p>\n<\/div><\/div>\n","protected":false},"excerpt":{"rendered":"<p>Carnaval 2025Primeros Premios:Murga Do\u00f1a BastardaParodistas MomosapiensHumoristas Los RolinComparsa La Sara del Cord\u00f3nRevista Tab\u00fa Carnaval 2024Primeros Premios:Murga Nos Obligan a SalirParodistas Z\u00edngarosHumoristas Sociedad An\u00f3nimaComparsa ValoresRevista Tab\u00fa Carnaval 2023Primeros Premios:Murga Asaltantes con PatenteParodistas Los MuchachosHumoristas Los ChobysComparsa C1080Revista La Compa\u00f1\u00eda Carnaval 2022Primeros Premios:Murga Asaltantes con PatenteParodistas Z\u00edngarosHumoristas Los ChobysComparsa C1080Revista Tab\u00fa Carnaval 2021A pesar de voluntades y [&hellip;]<\/p>\n","protected":false},"author":5,"featured_media":0,"parent":0,"menu_order":0,"comment_status":"closed","ping_status":"closed","template":"","meta":{"footnotes":""},"class_list":["post-1154","page","type-page","status-publish","hentry"],"_links":{"self":[{"href":"http:\/\/carnavalenfotos.com\/WP\/wp-json\/wp\/v2\/pages\/1154","targetHints":{"allow":["GET"]}}],"collection":[{"href":"http:\/\/carnavalenfotos.com\/WP\/wp-json\/wp\/v2\/pages"}],"about":[{"href":"http:\/\/carnavalenfotos.com\/WP\/wp-json\/wp\/v2\/types\/page"}],"author":[{"embeddable":true,"href":"http:\/\/carnavalenfotos.com\/WP\/wp-json\/wp\/v2\/users\/5"}],"replies":[{"embeddable":true,"href":"http:\/\/carnavalenfotos.com\/WP\/wp-json\/wp\/v2\/comments?post=1154"}],"version-history":[{"count":1,"href":"http:\/\/carnavalenfotos.com\/WP\/wp-json\/wp\/v2\/pages\/1154\/revisions"}],"predecessor-version":[{"id":1968,"href":"http:\/\/carnavalenfotos.com\/WP\/wp-json\/wp\/v2\/pages\/1154\/revisions\/1968"}],"wp:attachment":[{"href":"http:\/\/carnavalenfotos.com\/WP\/wp-json\/wp\/v2\/media?parent=1154"}],"curies":[{"name":"wp","href":"https:\/\/api.w.org\/{rel}","templated":true}]}}